{"id":354,"date":"2023-08-22T13:44:40","date_gmt":"2023-08-22T11:44:40","guid":{"rendered":"https:\/\/hexatelier.fr\/the-great-pearler\/?page_id=354"},"modified":"2025-12-28T19:14:56","modified_gmt":"2025-12-28T18:14:56","slug":"gotta-cardem-all","status":"publish","type":"page","link":"https:\/\/hexatelier.fr\/the-great-pearler\/projets\/gotta-cardem-all\/","title":{"rendered":"GOTTA CARD&rsquo;EM ALL"},"content":{"rendered":"\n\t<div id=\"gap-401277682\" class=\"gap-element clearfix\" style=\"display:block; height:auto;\">\n\t\t\n<style>\n#gap-401277682 {\n  padding-top: 30px;\n}\n<\/style>\n\t<\/div>\n\t\n\n\n\t<section class=\"section\" id=\"section_637830016\">\n\t\t<div class=\"section-bg fill\" >\n\t\t\t\t\t\t\t\t\t\n\t\t\t\n\n\t\t<\/div>\n\n\t\t\n\n\t\t<div class=\"section-content relative\">\n\t\t\t\n\n<div class=\"row row-full-width align-center\"  id=\"row-1035087593\">\n\n\n\t<div id=\"col-1475751134\" class=\"col medium-9 small-10 large-9\"  >\n\t\t\t\t<div class=\"col-inner\"  >\n\t\t\t\n\t\t\t\n\n\t<div id=\"text-3955067442\" class=\"text\">\n\t\t\n\n<h1 style=\"text-align: justify;\">Projet \u00ab\u00a0Gotta Card&#8217;em all\u00a0\u00bb<\/span><\/h1>\n<p style=\"text-align: justify;\"><span style=\"font-size: 150%;\">Le projet \u00ab\u00a0Gotta Card&#8217;em All\u00a0\u00bb est n\u00e9 d&rsquo;une id\u00e9e saugrenue : collectionneur de cartes Pok\u00e9mon, je voulais essayer une features d\u00e9velopp\u00e9e sur WordPress, permettant de glisser deux images l&rsquo;une sur l&rsquo;autre. J&rsquo;ai donc mis une carte normale et une autre pix\u00e9lis\u00e9e, pour en voir le r\u00e9sultat ! Cela l\u00e0 motiv\u00e9 \u00e0 continuer ce petit projet enti\u00e8rement pixel art !<\/span><\/p>\n<p style=\"text-align: left;\"><span style=\"font-size: 150%;\">Pour le moment, ce projet n&rsquo;est pas bien d\u00e9velopp\u00e9, mais cette partie sera aliment\u00e9e au fur et \u00e0 mesure de mon avanc\u00e9e sur ce projet. Bien s\u00fbr, vous avez remarqu\u00e9 qu&rsquo;il s&rsquo;agissait du petit fr\u00e8re des projets \u00ab\u00a0<a href=\"https:\/\/hexatelier.fr\/the-great-pearler\/projets\/gotta-pixem-all-g1\/\">Gotta Pix&#8217;em All<\/a>\u00a0\u00bb et \u00ab\u00a0<a href=\"https:\/\/hexatelier.fr\/the-great-pearler\/projets\/gotta-fusem-all\/\">Gotta Fus&#8217;em All<\/a>\u00ab\u00a0.<\/span><\/p>\n\n\t\t\n<style>\n#text-3955067442 {\n  font-size: 0.9rem;\n}\n<\/style>\n\t<\/div>\n\t\n\n\t\t<\/div>\n\t\t\t\t\t<\/div>\n\n\t\n\n\t<div id=\"col-2101933721\" class=\"col medium-3 small-12 large-3\"  >\n\t\t\t\t<div class=\"col-inner\"  >\n\t\t\t\n\t\t\t\n\n<div class=\"slider-wrapper relative\" id=\"slider-375564512\" >\n    <div class=\"slider slider-nav-circle slider-nav-large slider-nav-light slider-style-normal slider-show-nav\"\n        data-flickity-options='{\n            \"cellAlign\": \"center\",\n            \"imagesLoaded\": true,\n            \"lazyLoad\": 1,\n            \"freeScroll\": true,\n            \"wrapAround\": true,\n            \"autoPlay\": 6000,\n            \"pauseAutoPlayOnHover\" : true,\n            \"prevNextButtons\": true,\n            \"contain\" : true,\n            \"adaptiveHeight\" : true,\n            \"dragThreshold\" : 10,\n            \"percentPosition\": true,\n            \"pageDots\": true,\n            \"rightToLeft\": false,\n            \"draggable\": true,\n            \"selectedAttraction\": 0.1,\n            \"parallax\" : 2,\n            \"friction\": 0.6        }'\n        >\n        \n\n\t<div class=\"img has-hover x md-x lg-x y md-y lg-y\" id=\"image_2145537591\">\n\t\t\t\t\t\t\t\t<div class=\"img-inner dark\" >\n\t\t\t<img loading=\"lazy\" decoding=\"async\" width=\"600\" height=\"825\" src=\"https:\/\/hexatelier.fr\/the-great-pearler\/wp-content\/uploads\/sites\/2\/2023\/08\/test-1.jpg\" class=\"attachment-large size-large\" alt=\"\" srcset=\"https:\/\/hexatelier.fr\/the-great-pearler\/wp-content\/uploads\/sites\/2\/2023\/08\/test-1.jpg 600w, https:\/\/hexatelier.fr\/the-great-pearler\/wp-content\/uploads\/sites\/2\/2023\/08\/test-1-218x300.jpg 218w\" sizes=\"auto, (max-width: 600px) 100vw, 600px\" \/>\t\t\t\t\t\t\n\t\t\t\t\t<\/div>\n\t\t\t\t\t\t\t\t\n<style>\n#image_2145537591 {\n  width: 100%;\n}\n<\/style>\n\t<\/div>\n\t\n\n\t<div class=\"img has-hover x md-x lg-x y md-y lg-y\" id=\"image_1005170620\">\n\t\t\t\t\t\t\t\t<div class=\"img-inner dark\" >\n\t\t\t<img loading=\"lazy\" decoding=\"async\" width=\"600\" height=\"825\" src=\"https:\/\/hexatelier.fr\/the-great-pearler\/wp-content\/uploads\/sites\/2\/2023\/08\/alakhazam.png\" class=\"attachment-large size-large\" alt=\"\" srcset=\"https:\/\/hexatelier.fr\/the-great-pearler\/wp-content\/uploads\/sites\/2\/2023\/08\/alakhazam.png 600w, https:\/\/hexatelier.fr\/the-great-pearler\/wp-content\/uploads\/sites\/2\/2023\/08\/alakhazam-218x300.png 218w\" sizes=\"auto, (max-width: 600px) 100vw, 600px\" \/>\t\t\t\t\t\t\n\t\t\t\t\t<\/div>\n\t\t\t\t\t\t\t\t\n<style>\n#image_1005170620 {\n  width: 100%;\n}\n<\/style>\n\t<\/div>\n\t\n\n\n     <\/div>\n\n     <div class=\"loading-spin dark large centered\"><\/div>\n\n\t<\/div>\n\n\n\n\t\t<\/div>\n\t\t\t\t\t<\/div>\n\n\t\n\n<\/div>\n\n\t\t<\/div>\n\n\t\t\n<style>\n#section_637830016 {\n  padding-top: 0px;\n  padding-bottom: 0px;\n}\n<\/style>\n\t<\/section>\n\t\n\n\t<section class=\"section\" id=\"section_1740296053\">\n\t\t<div class=\"section-bg fill\" >\n\t\t\t\t\t\t\t\t\t\n\t\t\t\n\n\t\t<\/div>\n\n\t\t\n\n\t\t<div class=\"section-content relative\">\n\t\t\t\n\n<div class=\"row row-full-width\"  id=\"row-1716598371\">\n\n\n\t<div id=\"col-1007213423\" class=\"col small-12 large-12\"  >\n\t\t\t\t<div class=\"col-inner\"  >\n\t\t\t\n\t\t\t\n\n<div class=\"container section-title-container\" ><h3 class=\"section-title section-title-center\"><b aria-hidden=\"true\"><\/b><span class=\"section-title-main\" >LE PROJET<\/span><b aria-hidden=\"true\"><\/b><\/h3><\/div>\n\n\n  \n    <div class=\"row large-columns-8 medium-columns-1 small-columns-1 row-full-width has-shadow row-box-shadow-2-hover\" >\n  <\/div>\n\n\n\t\t<\/div>\n\t\t\t\t\t<\/div>\n\n\t\n\n<\/div>\n\n\t\t<\/div>\n\n\t\t\n<style>\n#section_1740296053 {\n  padding-top: 30px;\n  padding-bottom: 30px;\n}\n<\/style>\n\t<\/section>\n\t\n\n","protected":false},"excerpt":{"rendered":"","protected":false},"author":1,"featured_media":0,"parent":326,"menu_order":0,"comment_status":"closed","ping_status":"closed","template":"","meta":{"_bbp_topic_count":0,"_bbp_reply_count":0,"_bbp_total_topic_count":0,"_bbp_total_reply_count":0,"_bbp_voice_count":0,"_bbp_anonymous_reply_count":0,"_bbp_topic_count_hidden":0,"_bbp_reply_count_hidden":0,"_bbp_forum_subforum_count":0,"footnotes":""},"class_list":["post-354","page","type-page","status-publish","hentry"],"yoast_head":"<!-- This site is optimized with the Yoast SEO plugin v27.5 - https:\/\/yoast.com\/product\/yoast-seo-wordpress\/ -->\n<title>GOTTA CARD&#039;EM ALL - The Great Pearler<\/title>\n<meta name=\"robots\" content=\"index, follow, max-snippet:-1, max-image-preview:large, max-video-preview:-1\" \/>\n<link rel=\"canonical\" href=\"https:\/\/hexatelier.fr\/the-great-pearler\/projets\/gotta-cardem-all\/\" \/>\n<meta property=\"og:locale\" content=\"fr_FR\" \/>\n<meta property=\"og:type\" content=\"article\" \/>\n<meta property=\"og:title\" content=\"GOTTA CARD&#039;EM ALL - The Great Pearler\" \/>\n<meta property=\"og:url\" content=\"https:\/\/hexatelier.fr\/the-great-pearler\/projets\/gotta-cardem-all\/\" \/>\n<meta property=\"og:site_name\" content=\"The Great Pearler\" \/>\n<meta property=\"article:publisher\" content=\"https:\/\/www.facebook.com\/hexatelier\" \/>\n<meta property=\"article:modified_time\" content=\"2025-12-28T18:14:56+00:00\" \/>\n<meta name=\"twitter:card\" content=\"summary_large_image\" \/>\n<meta name=\"twitter:site\" content=\"@Hexatelier\" \/>\n<script type=\"application\/ld+json\" class=\"yoast-schema-graph\">{\"@context\":\"https:\\\/\\\/schema.org\",\"@graph\":[{\"@type\":\"WebPage\",\"@id\":\"https:\\\/\\\/hexatelier.fr\\\/the-great-pearler\\\/projets\\\/gotta-cardem-all\\\/\",\"url\":\"https:\\\/\\\/hexatelier.fr\\\/the-great-pearler\\\/projets\\\/gotta-cardem-all\\\/\",\"name\":\"GOTTA CARD'EM ALL - The Great Pearler\",\"isPartOf\":{\"@id\":\"https:\\\/\\\/hexatelier.fr\\\/the-great-pearler\\\/#website\"},\"datePublished\":\"2023-08-22T11:44:40+00:00\",\"dateModified\":\"2025-12-28T18:14:56+00:00\",\"breadcrumb\":{\"@id\":\"https:\\\/\\\/hexatelier.fr\\\/the-great-pearler\\\/projets\\\/gotta-cardem-all\\\/#breadcrumb\"},\"inLanguage\":\"fr-FR\",\"potentialAction\":[{\"@type\":\"ReadAction\",\"target\":[\"https:\\\/\\\/hexatelier.fr\\\/the-great-pearler\\\/projets\\\/gotta-cardem-all\\\/\"]}]},{\"@type\":\"BreadcrumbList\",\"@id\":\"https:\\\/\\\/hexatelier.fr\\\/the-great-pearler\\\/projets\\\/gotta-cardem-all\\\/#breadcrumb\",\"itemListElement\":[{\"@type\":\"ListItem\",\"position\":1,\"name\":\"Accueil\",\"item\":\"https:\\\/\\\/hexatelier.fr\\\/the-great-pearler\\\/\"},{\"@type\":\"ListItem\",\"position\":2,\"name\":\"PROJETS\",\"item\":\"https:\\\/\\\/hexatelier.fr\\\/the-great-pearler\\\/projets\\\/\"},{\"@type\":\"ListItem\",\"position\":3,\"name\":\"GOTTA CARD&rsquo;EM ALL\"}]},{\"@type\":\"WebSite\",\"@id\":\"https:\\\/\\\/hexatelier.fr\\\/the-great-pearler\\\/#website\",\"url\":\"https:\\\/\\\/hexatelier.fr\\\/the-great-pearler\\\/\",\"name\":\"The Great Pearler\",\"description\":\"Cr\u00e9ations faites maison\",\"publisher\":{\"@id\":\"https:\\\/\\\/hexatelier.fr\\\/the-great-pearler\\\/#organization\"},\"potentialAction\":[{\"@type\":\"SearchAction\",\"target\":{\"@type\":\"EntryPoint\",\"urlTemplate\":\"https:\\\/\\\/hexatelier.fr\\\/the-great-pearler\\\/?s={search_term_string}\"},\"query-input\":{\"@type\":\"PropertyValueSpecification\",\"valueRequired\":true,\"valueName\":\"search_term_string\"}}],\"inLanguage\":\"fr-FR\"},{\"@type\":\"Organization\",\"@id\":\"https:\\\/\\\/hexatelier.fr\\\/the-great-pearler\\\/#organization\",\"name\":\"The Great Pearler\",\"url\":\"https:\\\/\\\/hexatelier.fr\\\/the-great-pearler\\\/\",\"logo\":{\"@type\":\"ImageObject\",\"inLanguage\":\"fr-FR\",\"@id\":\"https:\\\/\\\/hexatelier.fr\\\/the-great-pearler\\\/#\\\/schema\\\/logo\\\/image\\\/\",\"url\":\"https:\\\/\\\/hexatelier.fr\\\/the-great-pearler\\\/wp-content\\\/uploads\\\/sites\\\/2\\\/2023\\\/08\\\/Logo_The_Great_Pearler-1-1024x1024.png\",\"contentUrl\":\"https:\\\/\\\/hexatelier.fr\\\/the-great-pearler\\\/wp-content\\\/uploads\\\/sites\\\/2\\\/2023\\\/08\\\/Logo_The_Great_Pearler-1-1024x1024.png\",\"width\":1024,\"height\":1024,\"caption\":\"The Great Pearler\"},\"image\":{\"@id\":\"https:\\\/\\\/hexatelier.fr\\\/the-great-pearler\\\/#\\\/schema\\\/logo\\\/image\\\/\"},\"sameAs\":[\"https:\\\/\\\/www.facebook.com\\\/hexatelier\",\"https:\\\/\\\/x.com\\\/Hexatelier\",\"https:\\\/\\\/www.instagram.com\\\/hex.atelier\\\/\",\"https:\\\/\\\/www.pinterest.fr\\\/hexatelier\\\/\",\"https:\\\/\\\/www.tumblr.com\\\/blog\\\/hexatelier\",\"https:\\\/\\\/www.twitch.tv\\\/hexatelier\",\"https:\\\/\\\/www.youtube.com\\\/channel\\\/UC6ZYXydYJ37CI4YSFi6JGwQ\",\"https:\\\/\\\/www.deviantart.com\\\/hexatelier\",\"https:\\\/\\\/tiktok.com\\\/@hexatelier\",\"https:\\\/\\\/discord.gg\\\/Hz48vgMXBy\",\"https:\\\/\\\/create.kahoot.it\\\/profiles\\\/254e0272-9e2f-4367-bc10-d27d2dfa8c97\",\"https:\\\/\\\/www.etsy.com\\\/fr\\\/people\\\/cc53d48xp28e6g93?ref=hdr_user_menu-profile\",\"https:\\\/\\\/fr.tipeee.com\\\/user\\\/hexatelier\"]}]}<\/script>\n<!-- \/ Yoast SEO plugin. -->","yoast_head_json":{"title":"GOTTA CARD'EM ALL - The Great Pearler","robots":{"index":"index","follow":"follow","max-snippet":"max-snippet:-1","max-image-preview":"max-image-preview:large","max-video-preview":"max-video-preview:-1"},"canonical":"https:\/\/hexatelier.fr\/the-great-pearler\/projets\/gotta-cardem-all\/","og_locale":"fr_FR","og_type":"article","og_title":"GOTTA CARD'EM ALL - The Great Pearler","og_url":"https:\/\/hexatelier.fr\/the-great-pearler\/projets\/gotta-cardem-all\/","og_site_name":"The Great Pearler","article_publisher":"https:\/\/www.facebook.com\/hexatelier","article_modified_time":"2025-12-28T18:14:56+00:00","twitter_card":"summary_large_image","twitter_site":"@Hexatelier","schema":{"@context":"https:\/\/schema.org","@graph":[{"@type":"WebPage","@id":"https:\/\/hexatelier.fr\/the-great-pearler\/projets\/gotta-cardem-all\/","url":"https:\/\/hexatelier.fr\/the-great-pearler\/projets\/gotta-cardem-all\/","name":"GOTTA CARD'EM ALL - The Great Pearler","isPartOf":{"@id":"https:\/\/hexatelier.fr\/the-great-pearler\/#website"},"datePublished":"2023-08-22T11:44:40+00:00","dateModified":"2025-12-28T18:14:56+00:00","breadcrumb":{"@id":"https:\/\/hexatelier.fr\/the-great-pearler\/projets\/gotta-cardem-all\/#breadcrumb"},"inLanguage":"fr-FR","potentialAction":[{"@type":"ReadAction","target":["https:\/\/hexatelier.fr\/the-great-pearler\/projets\/gotta-cardem-all\/"]}]},{"@type":"BreadcrumbList","@id":"https:\/\/hexatelier.fr\/the-great-pearler\/projets\/gotta-cardem-all\/#breadcrumb","itemListElement":[{"@type":"ListItem","position":1,"name":"Accueil","item":"https:\/\/hexatelier.fr\/the-great-pearler\/"},{"@type":"ListItem","position":2,"name":"PROJETS","item":"https:\/\/hexatelier.fr\/the-great-pearler\/projets\/"},{"@type":"ListItem","position":3,"name":"GOTTA CARD&rsquo;EM ALL"}]},{"@type":"WebSite","@id":"https:\/\/hexatelier.fr\/the-great-pearler\/#website","url":"https:\/\/hexatelier.fr\/the-great-pearler\/","name":"The Great Pearler","description":"Cr\u00e9ations faites maison","publisher":{"@id":"https:\/\/hexatelier.fr\/the-great-pearler\/#organization"},"potentialAction":[{"@type":"SearchAction","target":{"@type":"EntryPoint","urlTemplate":"https:\/\/hexatelier.fr\/the-great-pearler\/?s={search_term_string}"},"query-input":{"@type":"PropertyValueSpecification","valueRequired":true,"valueName":"search_term_string"}}],"inLanguage":"fr-FR"},{"@type":"Organization","@id":"https:\/\/hexatelier.fr\/the-great-pearler\/#organization","name":"The Great Pearler","url":"https:\/\/hexatelier.fr\/the-great-pearler\/","logo":{"@type":"ImageObject","inLanguage":"fr-FR","@id":"https:\/\/hexatelier.fr\/the-great-pearler\/#\/schema\/logo\/image\/","url":"https:\/\/hexatelier.fr\/the-great-pearler\/wp-content\/uploads\/sites\/2\/2023\/08\/Logo_The_Great_Pearler-1-1024x1024.png","contentUrl":"https:\/\/hexatelier.fr\/the-great-pearler\/wp-content\/uploads\/sites\/2\/2023\/08\/Logo_The_Great_Pearler-1-1024x1024.png","width":1024,"height":1024,"caption":"The Great Pearler"},"image":{"@id":"https:\/\/hexatelier.fr\/the-great-pearler\/#\/schema\/logo\/image\/"},"sameAs":["https:\/\/www.facebook.com\/hexatelier","https:\/\/x.com\/Hexatelier","https:\/\/www.instagram.com\/hex.atelier\/","https:\/\/www.pinterest.fr\/hexatelier\/","https:\/\/www.tumblr.com\/blog\/hexatelier","https:\/\/www.twitch.tv\/hexatelier","https:\/\/www.youtube.com\/channel\/UC6ZYXydYJ37CI4YSFi6JGwQ","https:\/\/www.deviantart.com\/hexatelier","https:\/\/tiktok.com\/@hexatelier","https:\/\/discord.gg\/Hz48vgMXBy","https:\/\/create.kahoot.it\/profiles\/254e0272-9e2f-4367-bc10-d27d2dfa8c97","https:\/\/www.etsy.com\/fr\/people\/cc53d48xp28e6g93?ref=hdr_user_menu-profile","https:\/\/fr.tipeee.com\/user\/hexatelier"]}]}},"_links":{"self":[{"href":"https:\/\/hexatelier.fr\/the-great-pearler\/wp-json\/wp\/v2\/pages\/354","targetHints":{"allow":["GET"]}}],"collection":[{"href":"https:\/\/hexatelier.fr\/the-great-pearler\/wp-json\/wp\/v2\/pages"}],"about":[{"href":"https:\/\/hexatelier.fr\/the-great-pearler\/wp-json\/wp\/v2\/types\/page"}],"author":[{"embeddable":true,"href":"https:\/\/hexatelier.fr\/the-great-pearler\/wp-json\/wp\/v2\/users\/1"}],"replies":[{"embeddable":true,"href":"https:\/\/hexatelier.fr\/the-great-pearler\/wp-json\/wp\/v2\/comments?post=354"}],"version-history":[{"count":6,"href":"https:\/\/hexatelier.fr\/the-great-pearler\/wp-json\/wp\/v2\/pages\/354\/revisions"}],"predecessor-version":[{"id":11530,"href":"https:\/\/hexatelier.fr\/the-great-pearler\/wp-json\/wp\/v2\/pages\/354\/revisions\/11530"}],"up":[{"embeddable":true,"href":"https:\/\/hexatelier.fr\/the-great-pearler\/wp-json\/wp\/v2\/pages\/326"}],"wp:attachment":[{"href":"https:\/\/hexatelier.fr\/the-great-pearler\/wp-json\/wp\/v2\/media?parent=354"}],"curies":[{"name":"wp","href":"https:\/\/api.w.org\/{rel}","templated":true}]}}